{"id":71,"date":"2023-04-29T20:22:30","date_gmt":"2023-04-30T00:22:30","guid":{"rendered":"https:\/\/6200133.cpsw-fcsei.com\/wordpress\/?page_id=71"},"modified":"2023-05-03T09:32:26","modified_gmt":"2023-05-03T13:32:26","slug":"nous-joindre","status":"publish","type":"page","link":"https:\/\/6200133.cpsw-fcsei.com\/wordpress\/nous-joindre\/","title":{"rendered":"Nous joindre"},"content":{"rendered":"\n<p>Nous sommes heureux de vous aider avec toutes vos questions et demandes de renseignements. Voici les diff\u00e9rentes fa\u00e7ons de nous joindre:<\/p>\n\n\n\n<figure class=\"wp-block-image aligncenter size-large\"><img loading=\"lazy\" decoding=\"async\" width=\"1024\" height=\"680\" src=\"https:\/\/6200133.cpsw-fcsei.com\/wordpress\/wp-content\/uploads\/2023\/04\/firmbee-com-SpVHcbuKi6E-unsplash-1024x680.jpg\" alt=\"\" class=\"wp-image-91\" srcset=\"https:\/\/6200133.cpsw-fcsei.com\/wordpress\/wp-content\/uploads\/2023\/04\/firmbee-com-SpVHcbuKi6E-unsplash-1024x680.jpg 1024w, https:\/\/6200133.cpsw-fcsei.com\/wordpress\/wp-content\/uploads\/2023\/04\/firmbee-com-SpVHcbuKi6E-unsplash-300x199.jpg 300w, https:\/\/6200133.cpsw-fcsei.com\/wordpress\/wp-content\/uploads\/2023\/04\/firmbee-com-SpVHcbuKi6E-unsplash-768x510.jpg 768w, https:\/\/6200133.cpsw-fcsei.com\/wordpress\/wp-content\/uploads\/2023\/04\/firmbee-com-SpVHcbuKi6E-unsplash-1536x1020.jpg 1536w, https:\/\/6200133.cpsw-fcsei.com\/wordpress\/wp-content\/uploads\/2023\/04\/firmbee-com-SpVHcbuKi6E-unsplash-2048x1360.jpg 2048w\" sizes=\"auto, (max-width: 1024px) 100vw, 1024px\" \/><\/figure>\n\n\n\n<div class=\"wp-block-columns is-layout-flex wp-container-core-columns-is-layout-28f84493 wp-block-columns-is-layout-flex\">\n<div class=\"wp-block-column is-layout-flow wp-block-column-is-layout-flow\" style=\"flex-basis:300px\">\n<h5 class=\"wp-block-heading has-vivid-red-color has-text-color\">Par courriel:<\/h5>\n\n\n\n<p class=\"has-text-align-left\"><a href=\"mailto:info@montagnesduquebec.com\">info@montagnesduquebec.com<\/a><\/p>\n<\/div>\n\n\n\n<div class=\"wp-block-column is-layout-flow wp-block-column-is-layout-flow\">\n<h5 class=\"wp-block-heading has-vivid-red-color has-text-color\">Par t\u00e9l\u00e9phone:<\/h5>\n\n\n\n<p>+1 (514) 555-1234<\/p>\n<\/div>\n\n\n\n<div class=\"wp-block-column is-layout-flow wp-block-column-is-layout-flow\">\n<h5 class=\"wp-block-heading has-vivid-red-color has-text-color\">Par courrier:<\/h5>\n\n\n\n<p>123 rue de la Montagne Montr\u00e9al, Qu\u00e9bec, Canada H1H 1H1<\/p>\n<\/div>\n<\/div>\n\n\n\n<p>Vous pouvez \u00e9galement nous contacter via les r\u00e9seaux sociaux en nous envoyant un message priv\u00e9 sur notre page Facebook ou notre compte Instagram. Nous sommes disponibles pour r\u00e9pondre \u00e0 vos questions et vous aider de cette fa\u00e7on \u00e9galement.<\/p>\n","protected":false},"excerpt":{"rendered":"<p>Nous sommes heureux de vous aider avec toutes vos questions et demandes de renseignements. Voici les diff\u00e9rentes fa\u00e7ons de nous joindre: Par courriel: info@montagnesduquebec.com Par t\u00e9l\u00e9phone: +1 (514) 555-1234 Par courrier: 123 rue de la Montagne Montr\u00e9al, Qu\u00e9bec, Canada H1H 1H1 Vous pouvez \u00e9galement nous contacter via les r\u00e9seaux sociaux en nous envoyant un message [&hellip;]<\/p>\n","protected":false},"author":1,"featured_media":0,"parent":0,"menu_order":0,"comment_status":"closed","ping_status":"closed","template":"","meta":{"footnotes":""},"class_list":["post-71","page","type-page","status-publish","hentry"],"_links":{"self":[{"href":"https:\/\/6200133.cpsw-fcsei.com\/wordpress\/wp-json\/wp\/v2\/pages\/71","targetHints":{"allow":["GET"]}}],"collection":[{"href":"https:\/\/6200133.cpsw-fcsei.com\/wordpress\/wp-json\/wp\/v2\/pages"}],"about":[{"href":"https:\/\/6200133.cpsw-fcsei.com\/wordpress\/wp-json\/wp\/v2\/types\/page"}],"author":[{"embeddable":true,"href":"https:\/\/6200133.cpsw-fcsei.com\/wordpress\/wp-json\/wp\/v2\/users\/1"}],"replies":[{"embeddable":true,"href":"https:\/\/6200133.cpsw-fcsei.com\/wordpress\/wp-json\/wp\/v2\/comments?post=71"}],"version-history":[{"count":6,"href":"https:\/\/6200133.cpsw-fcsei.com\/wordpress\/wp-json\/wp\/v2\/pages\/71\/revisions"}],"predecessor-version":[{"id":255,"href":"https:\/\/6200133.cpsw-fcsei.com\/wordpress\/wp-json\/wp\/v2\/pages\/71\/revisions\/255"}],"wp:attachment":[{"href":"https:\/\/6200133.cpsw-fcsei.com\/wordpress\/wp-json\/wp\/v2\/media?parent=71"}],"curies":[{"name":"wp","href":"https:\/\/api.w.org\/{rel}","templated":true}]}}