{"id":68,"date":"2023-04-29T20:21:26","date_gmt":"2023-04-30T00:21:26","guid":{"rendered":"https:\/\/6200133.cpsw-fcsei.com\/wordpress\/?page_id=68"},"modified":"2023-05-02T14:50:37","modified_gmt":"2023-05-02T18:50:37","slug":"equipes","status":"publish","type":"page","link":"https:\/\/6200133.cpsw-fcsei.com\/wordpress\/equipes\/","title":{"rendered":"Notre \u00c9quipe"},"content":{"rendered":"\n<p>                                                                        <\/p>\n\n\n\n<div class=\"wp-block-columns is-layout-flex wp-container-core-columns-is-layout-28f84493 wp-block-columns-is-layout-flex\">\n<div class=\"wp-block-column is-layout-flow wp-block-column-is-layout-flow\">\n<figure class=\"wp-block-image size-large has-custom-border is-style-default\"><img loading=\"lazy\" decoding=\"async\" width=\"1024\" height=\"683\" src=\"https:\/\/6200133.cpsw-fcsei.com\/wordpress\/wp-content\/uploads\/2023\/05\/robert-godwin-SPcFpXIME6M-unsplash-1024x683.jpg\" alt=\"\" class=\"has-border-color has-vivid-red-border-color wp-image-219\" style=\"border-width:15px;border-radius:15px\" srcset=\"https:\/\/6200133.cpsw-fcsei.com\/wordpress\/wp-content\/uploads\/2023\/05\/robert-godwin-SPcFpXIME6M-unsplash-1024x683.jpg 1024w, https:\/\/6200133.cpsw-fcsei.com\/wordpress\/wp-content\/uploads\/2023\/05\/robert-godwin-SPcFpXIME6M-unsplash-300x200.jpg 300w, https:\/\/6200133.cpsw-fcsei.com\/wordpress\/wp-content\/uploads\/2023\/05\/robert-godwin-SPcFpXIME6M-unsplash-768x512.jpg 768w, https:\/\/6200133.cpsw-fcsei.com\/wordpress\/wp-content\/uploads\/2023\/05\/robert-godwin-SPcFpXIME6M-unsplash-1536x1024.jpg 1536w, https:\/\/6200133.cpsw-fcsei.com\/wordpress\/wp-content\/uploads\/2023\/05\/robert-godwin-SPcFpXIME6M-unsplash-2048x1365.jpg 2048w\" sizes=\"auto, (max-width: 1024px) 100vw, 1024px\" \/><\/figure>\n<\/div>\n\n\n\n<div class=\"wp-block-column is-layout-flow wp-block-column-is-layout-flow\">\n<figure class=\"wp-block-image size-large has-custom-border\"><img loading=\"lazy\" decoding=\"async\" width=\"1024\" height=\"683\" src=\"https:\/\/6200133.cpsw-fcsei.com\/wordpress\/wp-content\/uploads\/2023\/05\/edward-cisneros-_H6wpor9mjs-unsplash-1024x683.jpg\" alt=\"\" class=\"has-border-color has-vivid-red-border-color wp-image-209\" style=\"border-width:15px;border-radius:15px\" srcset=\"https:\/\/6200133.cpsw-fcsei.com\/wordpress\/wp-content\/uploads\/2023\/05\/edward-cisneros-_H6wpor9mjs-unsplash-1024x683.jpg 1024w, https:\/\/6200133.cpsw-fcsei.com\/wordpress\/wp-content\/uploads\/2023\/05\/edward-cisneros-_H6wpor9mjs-unsplash-300x200.jpg 300w, https:\/\/6200133.cpsw-fcsei.com\/wordpress\/wp-content\/uploads\/2023\/05\/edward-cisneros-_H6wpor9mjs-unsplash-768x512.jpg 768w, https:\/\/6200133.cpsw-fcsei.com\/wordpress\/wp-content\/uploads\/2023\/05\/edward-cisneros-_H6wpor9mjs-unsplash-1536x1024.jpg 1536w, https:\/\/6200133.cpsw-fcsei.com\/wordpress\/wp-content\/uploads\/2023\/05\/edward-cisneros-_H6wpor9mjs-unsplash-2048x1365.jpg 2048w\" sizes=\"auto, (max-width: 1024px) 100vw, 1024px\" \/><\/figure>\n<\/div>\n\n\n\n<div class=\"wp-block-column is-layout-flow wp-block-column-is-layout-flow\">\n<figure class=\"wp-block-image size-large has-custom-border\"><img loading=\"lazy\" decoding=\"async\" width=\"1024\" height=\"683\" src=\"https:\/\/6200133.cpsw-fcsei.com\/wordpress\/wp-content\/uploads\/2023\/05\/daniel-capelani-gRslJX1S4h0-unsplash-4-1024x683.jpg\" alt=\"\" class=\"has-border-color has-vivid-red-border-color wp-image-211\" style=\"border-width:15px;border-radius:15px\" srcset=\"https:\/\/6200133.cpsw-fcsei.com\/wordpress\/wp-content\/uploads\/2023\/05\/daniel-capelani-gRslJX1S4h0-unsplash-4-1024x683.jpg 1024w, https:\/\/6200133.cpsw-fcsei.com\/wordpress\/wp-content\/uploads\/2023\/05\/daniel-capelani-gRslJX1S4h0-unsplash-4-300x200.jpg 300w, https:\/\/6200133.cpsw-fcsei.com\/wordpress\/wp-content\/uploads\/2023\/05\/daniel-capelani-gRslJX1S4h0-unsplash-4-768x512.jpg 768w, https:\/\/6200133.cpsw-fcsei.com\/wordpress\/wp-content\/uploads\/2023\/05\/daniel-capelani-gRslJX1S4h0-unsplash-4-1536x1024.jpg 1536w, https:\/\/6200133.cpsw-fcsei.com\/wordpress\/wp-content\/uploads\/2023\/05\/daniel-capelani-gRslJX1S4h0-unsplash-4-2048x1365.jpg 2048w\" sizes=\"auto, (max-width: 1024px) 100vw, 1024px\" \/><\/figure>\n<\/div>\n<\/div>\n\n\n\n<div class=\"wp-block-columns is-layout-flex wp-container-core-columns-is-layout-28f84493 wp-block-columns-is-layout-flex\">\n<div class=\"wp-block-column is-layout-flow wp-block-column-is-layout-flow\">\n<p class=\"has-text-align-center\"><strong>Jacques Hamel<\/strong><\/p>\n<\/div>\n\n\n\n<div class=\"wp-block-column is-layout-flow wp-block-column-is-layout-flow\">\n<p class=\"has-text-align-center\"><strong>Sophie Patel<\/strong><\/p>\n<\/div>\n\n\n\n<div class=\"wp-block-column is-layout-flow wp-block-column-is-layout-flow\">\n<p class=\"has-text-align-center\"><strong>Lucas Ramirez<\/strong><\/p>\n<\/div>\n<\/div>\n\n\n\n<div class=\"wp-block-columns is-layout-flex wp-container-core-columns-is-layout-28f84493 wp-block-columns-is-layout-flex\">\n<div class=\"wp-block-column is-layout-flow wp-block-column-is-layout-flow\">\n<p>Jacques Hamel a travaill\u00e9 pendant 20 ans chez MontVoyage, il est passionn\u00e9 par la nature et les grands espaces, il est responsable de la planification des voyages. Jacques est connu pour son attention aux d\u00e9tails et son professionnalisme et sa convivialit\u00e9.<\/p>\n<\/div>\n\n\n\n<div class=\"wp-block-column is-layout-flow wp-block-column-is-layout-flow\">\n<p class=\"has-text-align-center\">Sophie Patel a 11 ans d&rsquo;exp\u00e9rience chez MontVoyage, Elle est \u00e9galement tr\u00e8s appr\u00e9ci\u00e9e de ses coll\u00e8gues et des clients de MontVoyage pour sa convivialit\u00e9 et sa capacit\u00e9 \u00e0 cr\u00e9er des relations de confiance avec les voyageurs.<\/p>\n<\/div>\n\n\n\n<div class=\"wp-block-column is-layout-flow wp-block-column-is-layout-flow\">\n<p class=\"has-text-align-center\">Lucas Ramirez a travaill\u00e9 pendant 6 ans chez MontVoyage, il est \u00e9galement un alpiniste exp\u00e9riment\u00e9 et a gravi de nombreuses montagnes c\u00e9l\u00e8bres \u00e0 travers le monde. Il est passionn\u00e9 par l&rsquo;exploration de nouveaux territoires et la d\u00e9couverte de nouvelles cultures et traditions.<\/p>\n<\/div>\n<\/div>\n","protected":false},"excerpt":{"rendered":"<p>Jacques Hamel Sophie Patel Lucas Ramirez Jacques Hamel a travaill\u00e9 pendant 20 ans chez MontVoyage, il est passionn\u00e9 par la nature et les grands espaces, il est responsable de la planification des voyages. Jacques est connu pour son attention aux d\u00e9tails et son professionnalisme et sa convivialit\u00e9. Sophie Patel a 11 ans d&rsquo;exp\u00e9rience chez MontVoyage, [&hellip;]<\/p>\n","protected":false},"author":1,"featured_media":0,"parent":0,"menu_order":0,"comment_status":"closed","ping_status":"closed","template":"","meta":{"footnotes":""},"class_list":["post-68","page","type-page","status-publish","hentry"],"_links":{"self":[{"href":"https:\/\/6200133.cpsw-fcsei.com\/wordpress\/wp-json\/wp\/v2\/pages\/68","targetHints":{"allow":["GET"]}}],"collection":[{"href":"https:\/\/6200133.cpsw-fcsei.com\/wordpress\/wp-json\/wp\/v2\/pages"}],"about":[{"href":"https:\/\/6200133.cpsw-fcsei.com\/wordpress\/wp-json\/wp\/v2\/types\/page"}],"author":[{"embeddable":true,"href":"https:\/\/6200133.cpsw-fcsei.com\/wordpress\/wp-json\/wp\/v2\/users\/1"}],"replies":[{"embeddable":true,"href":"https:\/\/6200133.cpsw-fcsei.com\/wordpress\/wp-json\/wp\/v2\/comments?post=68"}],"version-history":[{"count":23,"href":"https:\/\/6200133.cpsw-fcsei.com\/wordpress\/wp-json\/wp\/v2\/pages\/68\/revisions"}],"predecessor-version":[{"id":231,"href":"https:\/\/6200133.cpsw-fcsei.com\/wordpress\/wp-json\/wp\/v2\/pages\/68\/revisions\/231"}],"wp:attachment":[{"href":"https:\/\/6200133.cpsw-fcsei.com\/wordpress\/wp-json\/wp\/v2\/media?parent=68"}],"curies":[{"name":"wp","href":"https:\/\/api.w.org\/{rel}","templated":true}]}}