{"id":65,"date":"2023-04-29T20:19:58","date_gmt":"2023-04-30T00:19:58","guid":{"rendered":"https:\/\/6200133.cpsw-fcsei.com\/wordpress\/?page_id=65"},"modified":"2023-05-02T14:21:23","modified_gmt":"2023-05-02T18:21:23","slug":"voyages","status":"publish","type":"page","link":"https:\/\/6200133.cpsw-fcsei.com\/wordpress\/voyages\/","title":{"rendered":"Notre voyages"},"content":{"rendered":"\n<p class=\"has-text-align-center\" style=\"font-size:23px\">Nous proposons une vari\u00e9t\u00e9 de circuits de randonn\u00e9e en montagne, allant de l&rsquo;exploration des<a href=\"#\"> montagnes du Qu\u00e9bec<\/a>, des <a href=\"#\">Rocheuses canadiennes<\/a>, des <a href=\"#\">Alpes suisses et fran\u00e7aises<\/a>, jusqu&rsquo;aux sommets majestueux de <a href=\"#\">l&rsquo;Himalaya n\u00e9palais<\/a>.<\/p>\n\n\n\n<p><\/p>\n\n\n\n<p><\/p>\n\n\n\n<p><\/p>\n\n\n\n<div class=\"wp-block-columns is-layout-flex wp-container-core-columns-is-layout-28f84493 wp-block-columns-is-layout-flex\">\n<div class=\"wp-block-column is-layout-flow wp-block-column-is-layout-flow\" style=\"flex-basis:33.33%\">\n<figure class=\"wp-block-image size-large is-resized has-custom-border\"><img loading=\"lazy\" decoding=\"async\" src=\"https:\/\/6200133.cpsw-fcsei.com\/wordpress\/wp-content\/uploads\/2023\/04\/mont-tremblant-g2e77f1fc3_1920-8-1024x683.jpg\" alt=\"\" class=\"wp-image-153\" style=\"border-width:15px\" width=\"261\" height=\"174\" srcset=\"https:\/\/6200133.cpsw-fcsei.com\/wordpress\/wp-content\/uploads\/2023\/04\/mont-tremblant-g2e77f1fc3_1920-8-1024x683.jpg 1024w, https:\/\/6200133.cpsw-fcsei.com\/wordpress\/wp-content\/uploads\/2023\/04\/mont-tremblant-g2e77f1fc3_1920-8-300x200.jpg 300w, https:\/\/6200133.cpsw-fcsei.com\/wordpress\/wp-content\/uploads\/2023\/04\/mont-tremblant-g2e77f1fc3_1920-8-768x512.jpg 768w, https:\/\/6200133.cpsw-fcsei.com\/wordpress\/wp-content\/uploads\/2023\/04\/mont-tremblant-g2e77f1fc3_1920-8-1536x1024.jpg 1536w, https:\/\/6200133.cpsw-fcsei.com\/wordpress\/wp-content\/uploads\/2023\/04\/mont-tremblant-g2e77f1fc3_1920-8.jpg 1920w\" sizes=\"auto, (max-width: 261px) 100vw, 261px\" \/><\/figure>\n<\/div>\n\n\n\n<div class=\"wp-block-column is-layout-flow wp-block-column-is-layout-flow\" style=\"padding-top:var(--wp--preset--spacing--20);padding-right:var(--wp--preset--spacing--20);padding-bottom:var(--wp--preset--spacing--20);padding-left:var(--wp--preset--spacing--20);flex-basis:66.66%\">\n<p><strong>Le Mont Tremblant<\/strong> est le plus haut sommet des Laurentides dans la r\u00e9gion de Mont-Tremblant au Qu\u00e9bec, Canada. Avec une altitude de 875 m\u00e8tres (2 871 pieds), il est une destination populaire pour les activit\u00e9s de plein air tout au long de l&rsquo;ann\u00e9e. <\/p>\n<\/div>\n<\/div>\n\n\n\n<div class=\"wp-block-columns is-layout-flex wp-container-core-columns-is-layout-28f84493 wp-block-columns-is-layout-flex\">\n<div class=\"wp-block-column is-layout-flow wp-block-column-is-layout-flow\" style=\"flex-basis:33.33%\">\n<figure class=\"wp-block-image size-large is-resized has-custom-border\"><img loading=\"lazy\" decoding=\"async\" src=\"https:\/\/6200133.cpsw-fcsei.com\/wordpress\/wp-content\/uploads\/2023\/04\/maxime-dore-Be49W4gfd6w-unsplash-6-1024x768.jpg\" alt=\"\" class=\"wp-image-156\" style=\"border-width:15px\" width=\"265\" height=\"199\" srcset=\"https:\/\/6200133.cpsw-fcsei.com\/wordpress\/wp-content\/uploads\/2023\/04\/maxime-dore-Be49W4gfd6w-unsplash-6-1024x768.jpg 1024w, https:\/\/6200133.cpsw-fcsei.com\/wordpress\/wp-content\/uploads\/2023\/04\/maxime-dore-Be49W4gfd6w-unsplash-6-300x225.jpg 300w, https:\/\/6200133.cpsw-fcsei.com\/wordpress\/wp-content\/uploads\/2023\/04\/maxime-dore-Be49W4gfd6w-unsplash-6-768x576.jpg 768w, https:\/\/6200133.cpsw-fcsei.com\/wordpress\/wp-content\/uploads\/2023\/04\/maxime-dore-Be49W4gfd6w-unsplash-6-1536x1152.jpg 1536w, https:\/\/6200133.cpsw-fcsei.com\/wordpress\/wp-content\/uploads\/2023\/04\/maxime-dore-Be49W4gfd6w-unsplash-6-2048x1536.jpg 2048w\" sizes=\"auto, (max-width: 265px) 100vw, 265px\" \/><\/figure>\n<\/div>\n\n\n\n<div class=\"wp-block-column is-layout-flow wp-block-column-is-layout-flow\" style=\"padding-top:var(--wp--preset--spacing--20);padding-right:var(--wp--preset--spacing--20);padding-bottom:var(--wp--preset--spacing--20);padding-left:var(--wp--preset--spacing--20);flex-basis:66.66%\">\n<p><strong>Sulphur Mountain<\/strong> est une montagne dans le parc national de Banff dans les Rocheuses canadiennes de l&rsquo;Alberta, Canada. La montagne doit son nom aux sources chaudes sur ses pentes inf\u00e9rieures qui \u00e9mettent une forte odeur de soufre.<\/p>\n<\/div>\n<\/div>\n\n\n\n<div class=\"wp-block-columns is-layout-flex wp-container-core-columns-is-layout-28f84493 wp-block-columns-is-layout-flex\">\n<div class=\"wp-block-column is-layout-flow wp-block-column-is-layout-flow\" style=\"flex-basis:33.33%\">\n<figure class=\"wp-block-image size-large is-resized has-custom-border\"><img loading=\"lazy\" decoding=\"async\" src=\"https:\/\/6200133.cpsw-fcsei.com\/wordpress\/wp-content\/uploads\/2023\/04\/nicolas-sottero-fu43f98Srjk-unsplash-1-1024x768.jpg\" alt=\"\" class=\"wp-image-159\" style=\"border-width:15px\" width=\"267\" height=\"200\" srcset=\"https:\/\/6200133.cpsw-fcsei.com\/wordpress\/wp-content\/uploads\/2023\/04\/nicolas-sottero-fu43f98Srjk-unsplash-1-1024x768.jpg 1024w, https:\/\/6200133.cpsw-fcsei.com\/wordpress\/wp-content\/uploads\/2023\/04\/nicolas-sottero-fu43f98Srjk-unsplash-1-300x225.jpg 300w, https:\/\/6200133.cpsw-fcsei.com\/wordpress\/wp-content\/uploads\/2023\/04\/nicolas-sottero-fu43f98Srjk-unsplash-1-768x576.jpg 768w, https:\/\/6200133.cpsw-fcsei.com\/wordpress\/wp-content\/uploads\/2023\/04\/nicolas-sottero-fu43f98Srjk-unsplash-1-1536x1152.jpg 1536w, https:\/\/6200133.cpsw-fcsei.com\/wordpress\/wp-content\/uploads\/2023\/04\/nicolas-sottero-fu43f98Srjk-unsplash-1-2048x1536.jpg 2048w\" sizes=\"auto, (max-width: 267px) 100vw, 267px\" \/><\/figure>\n<\/div>\n\n\n\n<div class=\"wp-block-column is-layout-flow wp-block-column-is-layout-flow\" style=\"padding-top:var(--wp--preset--spacing--20);padding-right:var(--wp--preset--spacing--20);padding-bottom:var(--wp--preset--spacing--20);padding-left:var(--wp--preset--spacing--20);flex-basis:66.66%\">\n<p><strong>Les Alpes<\/strong> suisses et fran\u00e7aises sont une cha\u00eene de montagnes spectaculaire et embl\u00e9matique situ\u00e9e en Europe de l&rsquo;Ouest. Les Alpes s&rsquo;\u00e9tendent sur huit pays, dont la Suisse et la France.<\/p>\n<\/div>\n<\/div>\n\n\n\n<div class=\"wp-block-columns is-layout-flex wp-container-core-columns-is-layout-d7d455e7 wp-block-columns-is-layout-flex\" style=\"padding-top:0;padding-right:0;padding-bottom:0;padding-left:0\">\n<div class=\"wp-block-column is-layout-flow wp-block-column-is-layout-flow\" style=\"flex-basis:33.33%\">\n<figure class=\"wp-block-image size-large is-resized has-custom-border\"><img loading=\"lazy\" decoding=\"async\" src=\"https:\/\/6200133.cpsw-fcsei.com\/wordpress\/wp-content\/uploads\/2023\/04\/rohith-t-rxSt-hNvCo4-unsplash-1-1024x768.jpg\" alt=\"\" class=\"wp-image-161\" style=\"border-width:15px\" width=\"266\" height=\"199\" srcset=\"https:\/\/6200133.cpsw-fcsei.com\/wordpress\/wp-content\/uploads\/2023\/04\/rohith-t-rxSt-hNvCo4-unsplash-1-1024x768.jpg 1024w, https:\/\/6200133.cpsw-fcsei.com\/wordpress\/wp-content\/uploads\/2023\/04\/rohith-t-rxSt-hNvCo4-unsplash-1-300x225.jpg 300w, https:\/\/6200133.cpsw-fcsei.com\/wordpress\/wp-content\/uploads\/2023\/04\/rohith-t-rxSt-hNvCo4-unsplash-1-768x576.jpg 768w, https:\/\/6200133.cpsw-fcsei.com\/wordpress\/wp-content\/uploads\/2023\/04\/rohith-t-rxSt-hNvCo4-unsplash-1-1536x1152.jpg 1536w, https:\/\/6200133.cpsw-fcsei.com\/wordpress\/wp-content\/uploads\/2023\/04\/rohith-t-rxSt-hNvCo4-unsplash-1-2048x1536.jpg 2048w\" sizes=\"auto, (max-width: 266px) 100vw, 266px\" \/><\/figure>\n<\/div>\n\n\n\n<div class=\"wp-block-column is-layout-flow wp-block-column-is-layout-flow\" style=\"flex-basis:66.66%\">\n<p><strong>L&rsquo;Himalaya n\u00e9palais<\/strong> est une cha\u00eene de montagnes spectaculaire situ\u00e9e dans le nord du N\u00e9pal, \u00e0 la fronti\u00e8re avec la Chine (Tibet). Les sommets les plus c\u00e9l\u00e8bres de l&rsquo;Himalaya n\u00e9palais comprennent l&rsquo;Everest, le Lhotse, le Makalu, le Cho Oyu, le Manaslu et l&rsquo;Annapurna.<\/p>\n<\/div>\n<\/div>\n\n\n\n<p><\/p>\n\n\n\n<p><\/p>\n","protected":false},"excerpt":{"rendered":"<p>Nous proposons une vari\u00e9t\u00e9 de circuits de randonn\u00e9e en montagne, allant de l&rsquo;exploration des montagnes du Qu\u00e9bec, des Rocheuses canadiennes, des Alpes suisses et fran\u00e7aises, jusqu&rsquo;aux sommets majestueux de l&rsquo;Himalaya n\u00e9palais. Le Mont Tremblant est le plus haut sommet des Laurentides dans la r\u00e9gion de Mont-Tremblant au Qu\u00e9bec, Canada. Avec une altitude de 875 m\u00e8tres [&hellip;]<\/p>\n","protected":false},"author":1,"featured_media":0,"parent":0,"menu_order":0,"comment_status":"closed","ping_status":"closed","template":"","meta":{"footnotes":""},"class_list":["post-65","page","type-page","status-publish","hentry"],"_links":{"self":[{"href":"https:\/\/6200133.cpsw-fcsei.com\/wordpress\/wp-json\/wp\/v2\/pages\/65","targetHints":{"allow":["GET"]}}],"collection":[{"href":"https:\/\/6200133.cpsw-fcsei.com\/wordpress\/wp-json\/wp\/v2\/pages"}],"about":[{"href":"https:\/\/6200133.cpsw-fcsei.com\/wordpress\/wp-json\/wp\/v2\/types\/page"}],"author":[{"embeddable":true,"href":"https:\/\/6200133.cpsw-fcsei.com\/wordpress\/wp-json\/wp\/v2\/users\/1"}],"replies":[{"embeddable":true,"href":"https:\/\/6200133.cpsw-fcsei.com\/wordpress\/wp-json\/wp\/v2\/comments?post=65"}],"version-history":[{"count":11,"href":"https:\/\/6200133.cpsw-fcsei.com\/wordpress\/wp-json\/wp\/v2\/pages\/65\/revisions"}],"predecessor-version":[{"id":216,"href":"https:\/\/6200133.cpsw-fcsei.com\/wordpress\/wp-json\/wp\/v2\/pages\/65\/revisions\/216"}],"wp:attachment":[{"href":"https:\/\/6200133.cpsw-fcsei.com\/wordpress\/wp-json\/wp\/v2\/media?parent=65"}],"curies":[{"name":"wp","href":"https:\/\/api.w.org\/{rel}","templated":true}]}}