{"id":232,"date":"2023-05-03T08:08:58","date_gmt":"2023-05-03T12:08:58","guid":{"rendered":"https:\/\/6200133.cpsw-fcsei.com\/wordpress\/?page_id=232"},"modified":"2023-05-03T09:03:34","modified_gmt":"2023-05-03T13:03:34","slug":"theme","status":"publish","type":"page","link":"https:\/\/6200133.cpsw-fcsei.com\/wordpress\/theme\/","title":{"rendered":"Th\u00e9me"},"content":{"rendered":"\n<p>LaVenta est le th\u00e9me que j ai choisi. LaVenta est un th\u00e9me de bloc, gratuit pour l&rsquo;edition complet du site. est un th\u00e9me \u00e9l\u00e9gant qui peut impressionner les visiteurs et attirer plus de monde. ce th\u00e8me est compatible avec une large gamme de plugins WordPress, ce qui permettra d&rsquo;ajouter des fonctionnalit\u00e9s suppl\u00e9mentaires au site web. concernant  des pr\u00e9f\u00e9rences du client, ce th\u00e9me offre une flexibilit\u00e9 de conception, une facilit\u00e9 d&rsquo;utilisation et une compatibilit\u00e9 avec les plugins n\u00e9cessaires.<\/p>\n","protected":false},"excerpt":{"rendered":"<p>LaVenta est le th\u00e9me que j ai choisi. LaVenta est un th\u00e9me de bloc, gratuit pour l&rsquo;edition complet du site. est un th\u00e9me \u00e9l\u00e9gant qui peut impressionner les visiteurs et attirer plus de monde. ce th\u00e8me est compatible avec une large gamme de plugins WordPress, ce qui permettra d&rsquo;ajouter des fonctionnalit\u00e9s suppl\u00e9mentaires au site web. [&hellip;]<\/p>\n","protected":false},"author":1,"featured_media":0,"parent":0,"menu_order":0,"comment_status":"closed","ping_status":"closed","template":"","meta":{"footnotes":""},"class_list":["post-232","page","type-page","status-publish","hentry"],"_links":{"self":[{"href":"https:\/\/6200133.cpsw-fcsei.com\/wordpress\/wp-json\/wp\/v2\/pages\/232","targetHints":{"allow":["GET"]}}],"collection":[{"href":"https:\/\/6200133.cpsw-fcsei.com\/wordpress\/wp-json\/wp\/v2\/pages"}],"about":[{"href":"https:\/\/6200133.cpsw-fcsei.com\/wordpress\/wp-json\/wp\/v2\/types\/page"}],"author":[{"embeddable":true,"href":"https:\/\/6200133.cpsw-fcsei.com\/wordpress\/wp-json\/wp\/v2\/users\/1"}],"replies":[{"embeddable":true,"href":"https:\/\/6200133.cpsw-fcsei.com\/wordpress\/wp-json\/wp\/v2\/comments?post=232"}],"version-history":[{"count":4,"href":"https:\/\/6200133.cpsw-fcsei.com\/wordpress\/wp-json\/wp\/v2\/pages\/232\/revisions"}],"predecessor-version":[{"id":238,"href":"https:\/\/6200133.cpsw-fcsei.com\/wordpress\/wp-json\/wp\/v2\/pages\/232\/revisions\/238"}],"wp:attachment":[{"href":"https:\/\/6200133.cpsw-fcsei.com\/wordpress\/wp-json\/wp\/v2\/media?parent=232"}],"curies":[{"name":"wp","href":"https:\/\/api.w.org\/{rel}","templated":true}]}}