{"id":106,"date":"2023-04-29T21:48:41","date_gmt":"2023-04-30T01:48:41","guid":{"rendered":"https:\/\/6200133.cpsw-fcsei.com\/wordpress\/?page_id=106"},"modified":"2023-05-03T09:37:40","modified_gmt":"2023-05-03T13:37:40","slug":"acceuil","status":"publish","type":"page","link":"https:\/\/6200133.cpsw-fcsei.com\/wordpress\/acceuil\/","title":{"rendered":"Bienvenue chez MontVoyage"},"content":{"rendered":"\n<p class=\"has-text-align-left\">Nous sommes une entreprise qu\u00e9b\u00e9coise passionn\u00e9e par les montagnes et la nature, et nous voulons partager notre amour pour l&rsquo;aventure en offrant des exp\u00e9riences de randonn\u00e9e uniques et inoubliables \u00e0 nos clients. Nos voyages sont soigneusement planifi\u00e9s pour garantir votre confort et votre s\u00e9curit\u00e9 tout au long de votre exp\u00e9rience de randonn\u00e9e en montagne. Nous offrons \u00e9galement des conseils de pr\u00e9paration avant votre voyage, pour vous aider \u00e0 vous pr\u00e9parer physiquement et mentalement.<\/p>\n\n\n\n<figure class=\"wp-block-image aligncenter size-large\"><img loading=\"lazy\" decoding=\"async\" width=\"1024\" height=\"639\" src=\"https:\/\/6200133.cpsw-fcsei.com\/wordpress\/wp-content\/uploads\/2023\/04\/norway-g112a63b7c_1920-1024x639.jpg\" alt=\"\" class=\"wp-image-119\" srcset=\"https:\/\/6200133.cpsw-fcsei.com\/wordpress\/wp-content\/uploads\/2023\/04\/norway-g112a63b7c_1920-1024x639.jpg 1024w, https:\/\/6200133.cpsw-fcsei.com\/wordpress\/wp-content\/uploads\/2023\/04\/norway-g112a63b7c_1920-300x187.jpg 300w, https:\/\/6200133.cpsw-fcsei.com\/wordpress\/wp-content\/uploads\/2023\/04\/norway-g112a63b7c_1920-768x480.jpg 768w, https:\/\/6200133.cpsw-fcsei.com\/wordpress\/wp-content\/uploads\/2023\/04\/norway-g112a63b7c_1920-1536x959.jpg 1536w, https:\/\/6200133.cpsw-fcsei.com\/wordpress\/wp-content\/uploads\/2023\/04\/norway-g112a63b7c_1920.jpg 1920w\" sizes=\"auto, (max-width: 1024px) 100vw, 1024px\" \/><\/figure>\n\n\n\n<p>Nos guides exp\u00e9riment\u00e9s et passionn\u00e9s vous emm\u00e8neront \u00e0 la d\u00e9couverte des plus belles montagnes du monde, en offrant des circuits adapt\u00e9s \u00e0 tous les niveaux, que vous soyez un randonneur d\u00e9butant ou exp\u00e9riment\u00e9.<\/p>\n\n\n\n<figure class=\"wp-block-gallery has-nested-images columns-default is-cropped wp-block-gallery-1 is-layout-flex wp-block-gallery-is-layout-flex\">\n<figure class=\"wp-block-image size-large\"><img loading=\"lazy\" decoding=\"async\" width=\"1024\" height=\"683\" data-id=\"128\" src=\"https:\/\/6200133.cpsw-fcsei.com\/wordpress\/wp-content\/uploads\/2023\/04\/the-glacier-g116cf800e_1920-1024x683.jpg\" alt=\"\" class=\"wp-image-128\" srcset=\"https:\/\/6200133.cpsw-fcsei.com\/wordpress\/wp-content\/uploads\/2023\/04\/the-glacier-g116cf800e_1920-1024x683.jpg 1024w, https:\/\/6200133.cpsw-fcsei.com\/wordpress\/wp-content\/uploads\/2023\/04\/the-glacier-g116cf800e_1920-300x200.jpg 300w, https:\/\/6200133.cpsw-fcsei.com\/wordpress\/wp-content\/uploads\/2023\/04\/the-glacier-g116cf800e_1920-768x512.jpg 768w, https:\/\/6200133.cpsw-fcsei.com\/wordpress\/wp-content\/uploads\/2023\/04\/the-glacier-g116cf800e_1920-1536x1024.jpg 1536w, https:\/\/6200133.cpsw-fcsei.com\/wordpress\/wp-content\/uploads\/2023\/04\/the-glacier-g116cf800e_1920.jpg 1920w\" sizes=\"auto, (max-width: 1024px) 100vw, 1024px\" \/><\/figure>\n\n\n\n<figure class=\"wp-block-image size-large\"><img loading=\"lazy\" decoding=\"async\" width=\"1024\" height=\"678\" data-id=\"130\" src=\"https:\/\/6200133.cpsw-fcsei.com\/wordpress\/wp-content\/uploads\/2023\/04\/kackars-gd38a12484_1920-1024x678.jpg\" alt=\"\" class=\"wp-image-130\" srcset=\"https:\/\/6200133.cpsw-fcsei.com\/wordpress\/wp-content\/uploads\/2023\/04\/kackars-gd38a12484_1920-1024x678.jpg 1024w, https:\/\/6200133.cpsw-fcsei.com\/wordpress\/wp-content\/uploads\/2023\/04\/kackars-gd38a12484_1920-300x199.jpg 300w, https:\/\/6200133.cpsw-fcsei.com\/wordpress\/wp-content\/uploads\/2023\/04\/kackars-gd38a12484_1920-768x509.jpg 768w, https:\/\/6200133.cpsw-fcsei.com\/wordpress\/wp-content\/uploads\/2023\/04\/kackars-gd38a12484_1920-1536x1018.jpg 1536w, https:\/\/6200133.cpsw-fcsei.com\/wordpress\/wp-content\/uploads\/2023\/04\/kackars-gd38a12484_1920.jpg 1920w\" sizes=\"auto, (max-width: 1024px) 100vw, 1024px\" \/><\/figure>\n\n\n\n<figure class=\"wp-block-image size-large\"><img loading=\"lazy\" decoding=\"async\" width=\"1024\" height=\"639\" data-id=\"129\" src=\"https:\/\/6200133.cpsw-fcsei.com\/wordpress\/wp-content\/uploads\/2023\/04\/journey-ga78d9f94e_1920-1024x639.jpg\" alt=\"\" class=\"wp-image-129\" srcset=\"https:\/\/6200133.cpsw-fcsei.com\/wordpress\/wp-content\/uploads\/2023\/04\/journey-ga78d9f94e_1920-1024x639.jpg 1024w, https:\/\/6200133.cpsw-fcsei.com\/wordpress\/wp-content\/uploads\/2023\/04\/journey-ga78d9f94e_1920-300x187.jpg 300w, https:\/\/6200133.cpsw-fcsei.com\/wordpress\/wp-content\/uploads\/2023\/04\/journey-ga78d9f94e_1920-768x480.jpg 768w, https:\/\/6200133.cpsw-fcsei.com\/wordpress\/wp-content\/uploads\/2023\/04\/journey-ga78d9f94e_1920-1536x959.jpg 1536w, https:\/\/6200133.cpsw-fcsei.com\/wordpress\/wp-content\/uploads\/2023\/04\/journey-ga78d9f94e_1920.jpg 1920w\" sizes=\"auto, (max-width: 1024px) 100vw, 1024px\" \/><\/figure>\n<\/figure>\n\n\n\n<p>Que vous cherchiez \u00e0 vous d\u00e9passer physiquement, \u00e0 admirer des vues spectaculaires, ou simplement \u00e0 vous immerger dans la beaut\u00e9 de la nature, MontVoyage est l\u00e0 pour vous offrir une exp\u00e9rience de randonn\u00e9e en montagne inoubliable.<\/p>\n","protected":false},"excerpt":{"rendered":"<p>Nous sommes une entreprise qu\u00e9b\u00e9coise passionn\u00e9e par les montagnes et la nature, et nous voulons partager notre amour pour l&rsquo;aventure en offrant des exp\u00e9riences de randonn\u00e9e uniques et inoubliables \u00e0 nos clients. Nos voyages sont soigneusement planifi\u00e9s pour garantir votre confort et votre s\u00e9curit\u00e9 tout au long de votre exp\u00e9rience de randonn\u00e9e en montagne. Nous [&hellip;]<\/p>\n","protected":false},"author":1,"featured_media":0,"parent":0,"menu_order":0,"comment_status":"closed","ping_status":"closed","template":"","meta":{"footnotes":""},"class_list":["post-106","page","type-page","status-publish","hentry"],"_links":{"self":[{"href":"https:\/\/6200133.cpsw-fcsei.com\/wordpress\/wp-json\/wp\/v2\/pages\/106","targetHints":{"allow":["GET"]}}],"collection":[{"href":"https:\/\/6200133.cpsw-fcsei.com\/wordpress\/wp-json\/wp\/v2\/pages"}],"about":[{"href":"https:\/\/6200133.cpsw-fcsei.com\/wordpress\/wp-json\/wp\/v2\/types\/page"}],"author":[{"embeddable":true,"href":"https:\/\/6200133.cpsw-fcsei.com\/wordpress\/wp-json\/wp\/v2\/users\/1"}],"replies":[{"embeddable":true,"href":"https:\/\/6200133.cpsw-fcsei.com\/wordpress\/wp-json\/wp\/v2\/comments?post=106"}],"version-history":[{"count":11,"href":"https:\/\/6200133.cpsw-fcsei.com\/wordpress\/wp-json\/wp\/v2\/pages\/106\/revisions"}],"predecessor-version":[{"id":257,"href":"https:\/\/6200133.cpsw-fcsei.com\/wordpress\/wp-json\/wp\/v2\/pages\/106\/revisions\/257"}],"wp:attachment":[{"href":"https:\/\/6200133.cpsw-fcsei.com\/wordpress\/wp-json\/wp\/v2\/media?parent=106"}],"curies":[{"name":"wp","href":"https:\/\/api.w.org\/{rel}","templated":true}]}}