{"id":7,"date":"2023-05-08T11:01:49","date_gmt":"2023-05-08T15:01:49","guid":{"rendered":"https:\/\/6200133.cpsw-fcsei.com\/tp2\/wordpress\/?page_id=7"},"modified":"2023-05-08T11:24:40","modified_gmt":"2023-05-08T15:24:40","slug":"acceuil","status":"publish","type":"page","link":"https:\/\/6200133.cpsw-fcsei.com\/tp2\/wordpress\/","title":{"rendered":"Acceuil"},"content":{"rendered":"\n<p>MontVoyage est une entreprise qu\u00e9b\u00e9coise de voyage ax\u00e9e sur la randonn\u00e9e en montagne, offrant des exp\u00e9riences uniques \u00e0 des clients de tous niveaux. Ils ont des guides exp\u00e9riment\u00e9s et travaillent avec des partenaires locaux pour minimiser leur impact sur l&rsquo;environnement et soutenir les communaut\u00e9s locales. Les voyages sont soigneusement planifi\u00e9s pour assurer le confort et la s\u00e9curit\u00e9 des clients, avec des conseils pr\u00e9alables au voyage pour les aider \u00e0 se pr\u00e9parer physiquement et mentalement.<\/p>\n","protected":false},"excerpt":{"rendered":"<p>MontVoyage est une entreprise qu\u00e9b\u00e9coise de voyage ax\u00e9e sur la randonn\u00e9e en montagne, offrant des exp\u00e9riences uniques \u00e0 des clients de tous niveaux. Ils ont des guides exp\u00e9riment\u00e9s et travaillent avec des partenaires locaux pour minimiser leur impact sur l&rsquo;environnement et soutenir les communaut\u00e9s locales. Les voyages sont soigneusement planifi\u00e9s pour assurer le confort et [&hellip;]<\/p>\n","protected":false},"author":1,"featured_media":0,"parent":0,"menu_order":0,"comment_status":"closed","ping_status":"closed","template":"","meta":{"footnotes":""},"class_list":["post-7","page","type-page","status-publish","hentry"],"_links":{"self":[{"href":"https:\/\/6200133.cpsw-fcsei.com\/tp2\/wordpress\/wp-json\/wp\/v2\/pages\/7","targetHints":{"allow":["GET"]}}],"collection":[{"href":"https:\/\/6200133.cpsw-fcsei.com\/tp2\/wordpress\/wp-json\/wp\/v2\/pages"}],"about":[{"href":"https:\/\/6200133.cpsw-fcsei.com\/tp2\/wordpress\/wp-json\/wp\/v2\/types\/page"}],"author":[{"embeddable":true,"href":"https:\/\/6200133.cpsw-fcsei.com\/tp2\/wordpress\/wp-json\/wp\/v2\/users\/1"}],"replies":[{"embeddable":true,"href":"https:\/\/6200133.cpsw-fcsei.com\/tp2\/wordpress\/wp-json\/wp\/v2\/comments?post=7"}],"version-history":[{"count":2,"href":"https:\/\/6200133.cpsw-fcsei.com\/tp2\/wordpress\/wp-json\/wp\/v2\/pages\/7\/revisions"}],"predecessor-version":[{"id":18,"href":"https:\/\/6200133.cpsw-fcsei.com\/tp2\/wordpress\/wp-json\/wp\/v2\/pages\/7\/revisions\/18"}],"wp:attachment":[{"href":"https:\/\/6200133.cpsw-fcsei.com\/tp2\/wordpress\/wp-json\/wp\/v2\/media?parent=7"}],"curies":[{"name":"wp","href":"https:\/\/api.w.org\/{rel}","templated":true}]}}